{"id":21538,"date":"2024-07-07T14:51:24","date_gmt":"2024-07-07T14:51:24","guid":{"rendered":"https:\/\/viviruruguay.com\/about-us\/"},"modified":"2026-02-16T13:12:36","modified_gmt":"2026-02-16T13:12:36","slug":"about-us","status":"publish","type":"page","link":"https:\/\/viviruruguay.com\/en\/about-us\/","title":{"rendered":"About Us"},"content":{"rendered":"\t\t<div data-elementor-type=\"wp-page\" data-elementor-id=\"21538\" class=\"elementor elementor-21538 elementor-18546\" data-elementor-post-type=\"page\">\n\t\t\t\t\t\t<section class=\"elementor-section elementor-top-section elementor-element elementor-element-68455aaa elementor-section-content-middle elementor-reverse-mobile elementor-section-boxed elementor-section-height-default elementor-section-height-default\" data-id=\"68455aaa\" data-element_type=\"section\" data-settings=\"{&quot;background_background&quot;:&quot;classic&quot;}\">\n\t\t\t\t\t\t<div class=\"elementor-container elementor-column-gap-extended\">\n\t\t\t\t\t<div class=\"elementor-column elementor-col-100 elementor-top-column elementor-element elementor-element-4ee891d ot-flex-column-vertical\" data-id=\"4ee891d\" data-element_type=\"column\">\n\t\t\t<div class=\"elementor-widget-wrap elementor-element-populated\">\n\t\t\t\t\t\t<div class=\"elementor-element elementor-element-d2d96d8 elementor-widget elementor-widget-iheading\" data-id=\"d2d96d8\" data-element_type=\"widget\" data-widget_type=\"iheading.default\">\n\t\t\t\t<div class=\"elementor-widget-container\">\n\t\t\t\t\t<div class=\"ot-heading center-align\">\r\n\t\t\t\r\n\t\t\t\t\r\n\r\n\t         \r\n\r\n\t        \t        \t<h2 class=\"main-heading\">About us <\/h2>\r\n\t        \t    <\/div>\r\n\t    \t\t<\/div>\n\t\t\t\t<\/div>\n\t\t\t\t<div class=\"elementor-element elementor-element-30f1556 elementor-widget elementor-widget-image\" data-id=\"30f1556\" data-element_type=\"widget\" data-widget_type=\"image.default\">\n\t\t\t\t<div class=\"elementor-widget-container\">\n\t\t\t\t\t\t\t\t\t\t\t\t\t<img fetchpriority=\"high\" decoding=\"async\" width=\"1024\" height=\"363\" src=\"https:\/\/viviruruguay.com\/wp-content\/uploads\/2026\/02\/marca-de-agua-color-1-1024x363.png\" class=\"attachment-large size-large wp-image-23300\" alt=\"\" srcset=\"https:\/\/viviruruguay.com\/wp-content\/uploads\/2026\/02\/marca-de-agua-color-1-1024x363.png 1024w, https:\/\/viviruruguay.com\/wp-content\/uploads\/2026\/02\/marca-de-agua-color-1-300x106.png 300w, https:\/\/viviruruguay.com\/wp-content\/uploads\/2026\/02\/marca-de-agua-color-1-768x272.png 768w, https:\/\/viviruruguay.com\/wp-content\/uploads\/2026\/02\/marca-de-agua-color-1-1536x544.png 1536w, https:\/\/viviruruguay.com\/wp-content\/uploads\/2026\/02\/marca-de-agua-color-1-2048x726.png 2048w\" sizes=\"(max-width: 1024px) 100vw, 1024px\" \/>\t\t\t\t\t\t\t\t\t\t\t\t\t<\/div>\n\t\t\t\t<\/div>\n\t\t\t\t<div class=\"elementor-element elementor-element-db87427 elementor-widget elementor-widget-text-editor\" data-id=\"db87427\" data-element_type=\"widget\" data-widget_type=\"text-editor.default\">\n\t\t\t\t<div class=\"elementor-widget-container\">\n\t\t\t\t\t\t\t<p>GlobalTax es un <a href=\"https:\/\/globaltax.com.uy\/\" target=\"_blank\" rel=\"noopener\">estudio jur\u00eddico<\/a> boutique especializado en estructuraci\u00f3n legal, estrategia fiscal y regulaci\u00f3n.<\/p><p>El estudio es dirigido por Marcelo Casciotti, Doctor en Derecho y M\u00e1ster en Derecho y T\u00e9cnica Tributaria (Universidad de Montevideo), con amplia experiencia en regulaci\u00f3n financiera, compliance y gobernanza.<\/p><p>GlobalTax refleja un enfoque profesional basado en an\u00e1lisis riguroso, independencia y rechazo consciente de soluciones prefabricadas.<\/p>\t\t\t\t\t\t<\/div>\n\t\t\t\t<\/div>\n\t\t\t\t<section class=\"elementor-section elementor-inner-section elementor-element elementor-element-fd465a7 elementor-section-full_width elementor-section-height-default elementor-section-height-default\" data-id=\"fd465a7\" data-element_type=\"section\">\n\t\t\t\t\t\t<div class=\"elementor-container elementor-column-gap-extended\">\n\t\t\t\t\t<div class=\"elementor-column elementor-col-33 elementor-inner-column elementor-element elementor-element-dfede35 ot-flex-column-vertical\" data-id=\"dfede35\" data-element_type=\"column\">\n\t\t\t<div class=\"elementor-widget-wrap elementor-element-populated\">\n\t\t\t\t\t\t<div class=\"elementor-element elementor-element-a826691 elementor-widget elementor-widget-iprocessbox\" data-id=\"a826691\" data-element_type=\"widget\" data-widget_type=\"iprocessbox.default\">\n\t\t\t\t<div class=\"elementor-widget-container\">\n\t\t\t\r\n\t\t<div class=\"process-box\">\r\n\t\t\t\t\t\t<div class=\"number-box\">\r\n\t\t        01\t        <\/div>\r\n\t        <div class=\"icon-main\">\r\n\t\t        \t\t\t    \t\t        \t        <\/div>\r\n\t        <div class=\"content-box\">\r\n\t            <h3 class=\"process-box-title\">Transparent<\/h3>\r\n\t            <p>We are committed to providing clear and accurate information, maintaining open and honest communication at every step. Our transparent approach ensures that you are always informed and confident in the decisions you make.<\/p>\r\n\t        <\/div>\r\n\t\t<\/div>\r\n\r\n\t    \t\t<\/div>\n\t\t\t\t<\/div>\n\t\t\t\t\t<\/div>\n\t\t<\/div>\n\t\t\t\t<div class=\"elementor-column elementor-col-33 elementor-inner-column elementor-element elementor-element-b04ebd8 ot-flex-column-vertical\" data-id=\"b04ebd8\" data-element_type=\"column\">\n\t\t\t<div class=\"elementor-widget-wrap elementor-element-populated\">\n\t\t\t\t\t\t<div class=\"elementor-element elementor-element-639aa2f elementor-widget elementor-widget-iprocessbox\" data-id=\"639aa2f\" data-element_type=\"widget\" data-widget_type=\"iprocessbox.default\">\n\t\t\t\t<div class=\"elementor-widget-container\">\n\t\t\t\r\n\t\t<div class=\"process-box\">\r\n\t\t\t\t\t\t<div class=\"number-box\">\r\n\t\t        02\t        <\/div>\r\n\t        <div class=\"icon-main\">\r\n\t\t        \t\t\t    \t\t        \t        <\/div>\r\n\t        <div class=\"content-box\">\r\n\t            <h3 class=\"process-box-title\">Agiles<\/h3>\r\n\t            <p>At Vivir en Uruguay, we stand out for our agility in handling procedures and processes. Our efficiency and speed ensure that your needs are attended to as quickly as possible, reducing waiting times and facilitating a smooth transition to your goals in Uruguay.<\/p>\r\n\t        <\/div>\r\n\t\t<\/div>\r\n\r\n\t    \t\t<\/div>\n\t\t\t\t<\/div>\n\t\t\t\t\t<\/div>\n\t\t<\/div>\n\t\t\t\t<div class=\"elementor-column elementor-col-33 elementor-inner-column elementor-element elementor-element-c348762 ot-flex-column-vertical\" data-id=\"c348762\" data-element_type=\"column\">\n\t\t\t<div class=\"elementor-widget-wrap elementor-element-populated\">\n\t\t\t\t\t\t<div class=\"elementor-element elementor-element-03b2534 elementor-widget elementor-widget-iprocessbox\" data-id=\"03b2534\" data-element_type=\"widget\" data-widget_type=\"iprocessbox.default\">\n\t\t\t\t<div class=\"elementor-widget-container\">\n\t\t\t\r\n\t\t<div class=\"process-box\">\r\n\t\t\t\t\t\t<div class=\"number-box\">\r\n\t\t        03\t        <\/div>\r\n\t        <div class=\"icon-main\">\r\n\t\t        \t\t\t    \t\t        \t        <\/div>\r\n\t        <div class=\"content-box\">\r\n\t            <h3 class=\"process-box-title\">Professionals<\/h3>\r\n\t            <p>Our team is composed of highly qualified and experienced professionals. Each member brings in-depth knowledge and expertise in their area, ensuring that you receive the highest quality advice and services. <\/p>\r\n\t        <\/div>\r\n\t\t<\/div>\r\n\r\n\t    \t\t<\/div>\n\t\t\t\t<\/div>\n\t\t\t\t\t<\/div>\n\t\t<\/div>\n\t\t\t\t\t<\/div>\n\t\t<\/section>\n\t\t\t\t\t<\/div>\n\t\t<\/div>\n\t\t\t\t\t<\/div>\n\t\t<\/section>\n\t\t<div class=\"elementor-element elementor-element-db649ec e-con-full e-flex e-con e-parent\" data-id=\"db649ec\" data-element_type=\"container\">\n\t\t\t\t<\/div>\n\t\t\t\t<section class=\"elementor-section elementor-top-section elementor-element elementor-element-2b47ead elementor-section-content-middle elementor-section-boxed elementor-section-height-default elementor-section-height-default\" data-id=\"2b47ead\" data-element_type=\"section\" id=\"contact\">\n\t\t\t\t\t\t<div class=\"elementor-container elementor-column-gap-extended\">\n\t\t\t\t\t<div class=\"elementor-column elementor-col-50 elementor-top-column elementor-element elementor-element-4415d1b9 ot-flex-column-vertical\" data-id=\"4415d1b9\" data-element_type=\"column\">\n\t\t\t<div class=\"elementor-widget-wrap elementor-element-populated\">\n\t\t\t\t\t\t<section class=\"elementor-section elementor-inner-section elementor-element elementor-element-560271b1 elementor-section-full_width elementor-section-height-default elementor-section-height-default\" data-id=\"560271b1\" data-element_type=\"section\" data-settings=\"{&quot;background_background&quot;:&quot;classic&quot;}\">\n\t\t\t\t\t\t<div class=\"elementor-container elementor-column-gap-no\">\n\t\t\t\t\t<div class=\"elementor-column elementor-col-100 elementor-inner-column elementor-element elementor-element-16b822bc ot-flex-column-vertical\" data-id=\"16b822bc\" data-element_type=\"column\">\n\t\t\t<div class=\"elementor-widget-wrap elementor-element-populated\">\n\t\t\t\t\t\t<div class=\"elementor-element elementor-element-7ef1460f elementor-widget elementor-widget-iheading\" data-id=\"7ef1460f\" data-element_type=\"widget\" data-widget_type=\"iheading.default\">\n\t\t\t\t<div class=\"elementor-widget-container\">\n\t\t\t\t\t<div class=\"ot-heading left-align text-light\">\r\n\t\t\t\r\n\t\t\t\t\r\n\r\n\t        \t            <h6 class=\"sub-heading\"><span>Contact details<\/span><\/h6>\r\n\t         \r\n\r\n\t        \t        \t<h2 class=\"main-heading\">Contact us<\/h2>\r\n\t        \t    <\/div>\r\n\t    \t\t<\/div>\n\t\t\t\t<\/div>\n\t\t\t\t<div class=\"elementor-element elementor-element-18037cf8 elementor-widget elementor-widget-text-editor\" data-id=\"18037cf8\" data-element_type=\"widget\" data-widget_type=\"text-editor.default\">\n\t\t\t\t<div class=\"elementor-widget-container\">\n\t\t\t\t\t\t\t<p>Contact us for a free consultation and take the first step towards your future in Uruguay.<\/p>\n\t\t\t\t\t\t<\/div>\n\t\t\t\t<\/div>\n\t\t\t\t<div class=\"elementor-element elementor-element-1076e1d3 elementor-widget elementor-widget-icontact_info\" data-id=\"1076e1d3\" data-element_type=\"widget\" data-widget_type=\"icontact_info.default\">\n\t\t\t\t<div class=\"elementor-widget-container\">\n\t\t\t\t\t\t\t\t    \t<div class=\"contact-info text-light\">\r\n\t\t    \t\t\r\n\t\t\t\t    \t\t\t        <i class=\"flaticon-note\"><\/i>\t\t\t        <div class=\"info-text\">\r\n\t\t\t        \t<h6>Email<\/h6>\r\n\t\t\t        \t<p><a href=\"mailto:info@viviruruguay.com\">info@viviruruguay.com<\/a><\/p>\r\n\t\t\t        <\/div>\r\n\t\t\t    <\/div>\r\n\t\t    \t    \t\t<\/div>\n\t\t\t\t<\/div>\n\t\t\t\t<div class=\"elementor-element elementor-element-7f987389 elementor-widget elementor-widget-icontact_info\" data-id=\"7f987389\" data-element_type=\"widget\" data-widget_type=\"icontact_info.default\">\n\t\t\t\t<div class=\"elementor-widget-container\">\n\t\t\t\t\t\t\t\t    \t<div class=\"contact-info text-light\">\r\n\t\t    \t\t\r\n\t\t\t\t    \t\t\t        <i class=\"flaticon-viber\"><\/i>\t\t\t        <div class=\"info-text\">\r\n\t\t\t        \t<h6>Phone<\/h6>\r\n\t\t\t        \t<p><a href=\"tel:+59898756326\">(+598) 098 756 326<\/a><\/p>\r\n\t\t\t        <\/div>\r\n\t\t\t    <\/div>\r\n\t\t    \t    \t\t<\/div>\n\t\t\t\t<\/div>\n\t\t\t\t\t<\/div>\n\t\t<\/div>\n\t\t\t\t\t<\/div>\n\t\t<\/section>\n\t\t\t\t\t<\/div>\n\t\t<\/div>\n\t\t\t\t<div class=\"elementor-column elementor-col-50 elementor-top-column elementor-element elementor-element-3cbd286 ot-flex-column-vertical\" data-id=\"3cbd286\" data-element_type=\"column\">\n\t\t\t<div class=\"elementor-widget-wrap elementor-element-populated\">\n\t\t\t\t\t\t<div class=\"elementor-element elementor-element-3e292886 elementor-widget elementor-widget-iheading\" data-id=\"3e292886\" data-element_type=\"widget\" data-widget_type=\"iheading.default\">\n\t\t\t\t<div class=\"elementor-widget-container\">\n\t\t\t\t\t<div class=\"ot-heading left-align\">\r\n\t\t\t\r\n\t\t\t\t\r\n\r\n\t         \r\n\r\n\t        \t        \t<h2 class=\"main-heading\">Let's get to work<\/h2>\r\n\t        \t    <\/div>\r\n\t    \t\t<\/div>\n\t\t\t\t<\/div>\n\t\t\t\t<div class=\"elementor-element elementor-element-5655ffd6 elementor-widget elementor-widget-onum-contact-form-7\" data-id=\"5655ffd6\" data-element_type=\"widget\" data-widget_type=\"onum-contact-form-7.default\">\n\t\t\t\t<div class=\"elementor-widget-container\">\n\t\t\t<div class=\"elementor-shortcode onum-cf7-0\">\n<div class=\"wpcf7 no-js\" id=\"wpcf7-f21584-o1\" lang=\"en-US\" dir=\"ltr\">\n<div class=\"screen-reader-response\"><p role=\"status\" aria-live=\"polite\" aria-atomic=\"true\"><\/p> <ul><\/ul><\/div>\n<form action=\"\/en\/wp-json\/wp\/v2\/pages\/21538#wpcf7-f21584-o1\" method=\"post\" class=\"wpcf7-form init\" aria-label=\"Contact form\" novalidate=\"novalidate\" data-status=\"init\">\n<div style=\"display: none;\">\n<input type=\"hidden\" name=\"_wpcf7\" value=\"21584\" \/>\n<input type=\"hidden\" name=\"_wpcf7_version\" value=\"5.9.6\" \/>\n<input type=\"hidden\" name=\"_wpcf7_locale\" value=\"en_US\" \/>\n<input type=\"hidden\" name=\"_wpcf7_unit_tag\" value=\"wpcf7-f21584-o1\" \/>\n<input type=\"hidden\" name=\"_wpcf7_container_post\" value=\"0\" \/>\n<input type=\"hidden\" name=\"_wpcf7_posted_data_hash\" value=\"\" \/>\n<\/div>\n<p><span class=\"wpcf7-form-control-wrap\" data-name=\"your-name\"><input size=\"40\" maxlength=\"80\" class=\"wpcf7-form-control wpcf7-text wpcf7-validates-as-required\" aria-required=\"true\" aria-invalid=\"false\" placeholder=\"Name *\" value=\"\" type=\"text\" name=\"your-name\" \/><\/span>\n<\/p>\n<p><span class=\"wpcf7-form-control-wrap\" data-name=\"your-email\"><input size=\"40\" maxlength=\"80\" class=\"wpcf7-form-control wpcf7-email wpcf7-validates-as-required wpcf7-text wpcf7-validates-as-email\" aria-required=\"true\" aria-invalid=\"false\" placeholder=\"Email *\" value=\"\" type=\"email\" name=\"your-email\" \/><\/span>\n<\/p>\n<p><span class=\"wpcf7-form-control-wrap\" data-name=\"Company\"><input size=\"40\" maxlength=\"80\" class=\"wpcf7-form-control wpcf7-text wpcf7-validates-as-required\" aria-required=\"true\" aria-invalid=\"false\" placeholder=\"Company *\" value=\"\" type=\"text\" name=\"Company\" \/><\/span>\n<\/p>\n<p><span class=\"wpcf7-form-control-wrap\" data-name=\"your-message\"><textarea cols=\"40\" rows=\"10\" maxlength=\"400\" class=\"wpcf7-form-control wpcf7-textarea\" aria-invalid=\"false\" placeholder=\"Message...\" name=\"your-message\"><\/textarea><\/span>\n<\/p>\n<p><label> How much is 5+3?<br \/>\n<span class=\"wpcf7-form-control-wrap\" data-name=\"pregunta-quiz\"><label><span class=\"wpcf7-quiz-label\">5+3?<\/span> <input size=\"40\" class=\"wpcf7-form-control wpcf7-quiz\" autocomplete=\"off\" aria-required=\"true\" aria-invalid=\"false\" type=\"text\" name=\"pregunta-quiz\" \/><\/label><input type=\"hidden\" name=\"_wpcf7_quiz_answer_pregunta-quiz\" value=\"02d7463ecb42de1705a1f39ca12713e9\" \/><\/span><br \/>\n<\/label><br \/>\n<button type=\"submit\" class=\"wpcf7-submit octf-btn octf-btn-primary octf-btn-icon\">Send message<i class=\"flaticon-right-arrow-1\"><\/i><\/button>\n<\/p><div class=\"wpcf7-response-output\" aria-hidden=\"true\"><\/div>\n<\/form>\n<\/div>\n<\/div>\t\t<\/div>\n\t\t\t\t<\/div>\n\t\t\t\t\t<\/div>\n\t\t<\/div>\n\t\t\t\t\t<\/div>\n\t\t<\/section>\n\t\t\t\t<\/div>\n\t\t","protected":false},"excerpt":{"rendered":"<p>About us GlobalTax es un estudio jur\u00eddico boutique especializado en estructuraci\u00f3n legal, estrategia fiscal y regulaci\u00f3n. El estudio es dirigido por Marcelo Casciotti, Doctor en Derecho y M\u00e1ster en Derecho y T\u00e9cnica Tributaria (Universidad de Montevideo), con amplia experiencia en regulaci\u00f3n financiera, compliance y gobernanza. GlobalTax refleja un enfoque profesional basado en an\u00e1lisis riguroso, independencia [&hellip;]<\/p>\n","protected":false},"author":14,"featured_media":0,"parent":0,"menu_order":0,"comment_status":"closed","ping_status":"closed","template":"","meta":{"footnotes":""},"class_list":["post-21538","page","type-page","status-publish","hentry"],"yoast_head":"<!-- This site is optimized with the Yoast SEO plugin v24.5 - https:\/\/yoast.com\/wordpress\/plugins\/seo\/ -->\n<title>About Us - Vivir en Uruguay<\/title>\n<meta name=\"robots\" content=\"index, follow, max-snippet:-1, max-image-preview:large, max-video-preview:-1\" \/>\n<link rel=\"canonical\" href=\"https:\/\/viviruruguay.com\/sobre-nosotros\/\" \/>\n<meta property=\"og:locale\" content=\"en_US\" \/>\n<meta property=\"og:type\" content=\"article\" \/>\n<meta property=\"og:title\" content=\"About Us - Vivir en Uruguay\" \/>\n<meta property=\"og:description\" content=\"About us GlobalTax es un estudio jur\u00eddico boutique especializado en estructuraci\u00f3n legal, estrategia fiscal y regulaci\u00f3n. El estudio es dirigido por Marcelo Casciotti, Doctor en Derecho y M\u00e1ster en Derecho y T\u00e9cnica Tributaria (Universidad de Montevideo), con amplia experiencia en regulaci\u00f3n financiera, compliance y gobernanza. GlobalTax refleja un enfoque profesional basado en an\u00e1lisis riguroso, independencia [&hellip;]\" \/>\n<meta property=\"og:url\" content=\"https:\/\/viviruruguay.com\/sobre-nosotros\/\" \/>\n<meta property=\"og:site_name\" content=\"Vivir en Uruguay\" \/>\n<meta property=\"article:modified_time\" content=\"2026-02-16T13:12:36+00:00\" \/>\n<meta property=\"og:image\" content=\"https:\/\/viviruruguay.com\/wp-content\/uploads\/2026\/02\/marca-de-agua-color-1.png\" \/>\n\t<meta property=\"og:image:width\" content=\"2254\" \/>\n\t<meta property=\"og:image:height\" content=\"799\" \/>\n\t<meta property=\"og:image:type\" content=\"image\/png\" \/>\n<meta name=\"twitter:card\" content=\"summary_large_image\" \/>\n<meta name=\"twitter:label1\" content=\"Est. reading time\" \/>\n\t<meta name=\"twitter:data1\" content=\"2 minutes\" \/>\n<script type=\"application\/ld+json\" class=\"yoast-schema-graph\">{\"@context\":\"https:\/\/schema.org\",\"@graph\":[{\"@type\":\"WebPage\",\"@id\":\"https:\/\/viviruruguay.com\/sobre-nosotros\/\",\"url\":\"https:\/\/viviruruguay.com\/sobre-nosotros\/\",\"name\":\"About Us - Vivir en Uruguay\",\"isPartOf\":{\"@id\":\"https:\/\/viviruruguay.com\/#website\"},\"primaryImageOfPage\":{\"@id\":\"https:\/\/viviruruguay.com\/sobre-nosotros\/#primaryimage\"},\"image\":{\"@id\":\"https:\/\/viviruruguay.com\/sobre-nosotros\/#primaryimage\"},\"thumbnailUrl\":\"https:\/\/viviruruguay.com\/wp-content\/uploads\/2026\/02\/marca-de-agua-color-1-1024x363.png\",\"datePublished\":\"2024-07-07T14:51:24+00:00\",\"dateModified\":\"2026-02-16T13:12:36+00:00\",\"breadcrumb\":{\"@id\":\"https:\/\/viviruruguay.com\/sobre-nosotros\/#breadcrumb\"},\"inLanguage\":\"en-US\",\"potentialAction\":[{\"@type\":\"ReadAction\",\"target\":[\"https:\/\/viviruruguay.com\/sobre-nosotros\/\"]}]},{\"@type\":\"ImageObject\",\"inLanguage\":\"en-US\",\"@id\":\"https:\/\/viviruruguay.com\/sobre-nosotros\/#primaryimage\",\"url\":\"https:\/\/viviruruguay.com\/wp-content\/uploads\/2026\/02\/marca-de-agua-color-1-1024x363.png\",\"contentUrl\":\"https:\/\/viviruruguay.com\/wp-content\/uploads\/2026\/02\/marca-de-agua-color-1-1024x363.png\"},{\"@type\":\"BreadcrumbList\",\"@id\":\"https:\/\/viviruruguay.com\/sobre-nosotros\/#breadcrumb\",\"itemListElement\":[{\"@type\":\"ListItem\",\"position\":1,\"name\":\"Home\",\"item\":\"https:\/\/viviruruguay.com\/\"},{\"@type\":\"ListItem\",\"position\":2,\"name\":\"About Us\"}]},{\"@type\":\"WebSite\",\"@id\":\"https:\/\/viviruruguay.com\/#website\",\"url\":\"https:\/\/viviruruguay.com\/\",\"name\":\"Vivir en Uruguay\",\"description\":\"Asesor\u00eda Profesional para Tr\u00e1mites Migratorios y Residencia\",\"potentialAction\":[{\"@type\":\"SearchAction\",\"target\":{\"@type\":\"EntryPoint\",\"urlTemplate\":\"https:\/\/viviruruguay.com\/?s={search_term_string}\"},\"query-input\":{\"@type\":\"PropertyValueSpecification\",\"valueRequired\":true,\"valueName\":\"search_term_string\"}}],\"inLanguage\":\"en-US\"}]}<\/script>\n<!-- \/ Yoast SEO plugin. -->","yoast_head_json":{"title":"About Us - Vivir en Uruguay","robots":{"index":"index","follow":"follow","max-snippet":"max-snippet:-1","max-image-preview":"max-image-preview:large","max-video-preview":"max-video-preview:-1"},"canonical":"https:\/\/viviruruguay.com\/sobre-nosotros\/","og_locale":"en_US","og_type":"article","og_title":"About Us - Vivir en Uruguay","og_description":"About us GlobalTax es un estudio jur\u00eddico boutique especializado en estructuraci\u00f3n legal, estrategia fiscal y regulaci\u00f3n. El estudio es dirigido por Marcelo Casciotti, Doctor en Derecho y M\u00e1ster en Derecho y T\u00e9cnica Tributaria (Universidad de Montevideo), con amplia experiencia en regulaci\u00f3n financiera, compliance y gobernanza. GlobalTax refleja un enfoque profesional basado en an\u00e1lisis riguroso, independencia [&hellip;]","og_url":"https:\/\/viviruruguay.com\/sobre-nosotros\/","og_site_name":"Vivir en Uruguay","article_modified_time":"2026-02-16T13:12:36+00:00","og_image":[{"width":2254,"height":799,"url":"https:\/\/viviruruguay.com\/wp-content\/uploads\/2026\/02\/marca-de-agua-color-1.png","type":"image\/png"}],"twitter_card":"summary_large_image","twitter_misc":{"Est. reading time":"2 minutes"},"schema":{"@context":"https:\/\/schema.org","@graph":[{"@type":"WebPage","@id":"https:\/\/viviruruguay.com\/sobre-nosotros\/","url":"https:\/\/viviruruguay.com\/sobre-nosotros\/","name":"About Us - Vivir en Uruguay","isPartOf":{"@id":"https:\/\/viviruruguay.com\/#website"},"primaryImageOfPage":{"@id":"https:\/\/viviruruguay.com\/sobre-nosotros\/#primaryimage"},"image":{"@id":"https:\/\/viviruruguay.com\/sobre-nosotros\/#primaryimage"},"thumbnailUrl":"https:\/\/viviruruguay.com\/wp-content\/uploads\/2026\/02\/marca-de-agua-color-1-1024x363.png","datePublished":"2024-07-07T14:51:24+00:00","dateModified":"2026-02-16T13:12:36+00:00","breadcrumb":{"@id":"https:\/\/viviruruguay.com\/sobre-nosotros\/#breadcrumb"},"inLanguage":"en-US","potentialAction":[{"@type":"ReadAction","target":["https:\/\/viviruruguay.com\/sobre-nosotros\/"]}]},{"@type":"ImageObject","inLanguage":"en-US","@id":"https:\/\/viviruruguay.com\/sobre-nosotros\/#primaryimage","url":"https:\/\/viviruruguay.com\/wp-content\/uploads\/2026\/02\/marca-de-agua-color-1-1024x363.png","contentUrl":"https:\/\/viviruruguay.com\/wp-content\/uploads\/2026\/02\/marca-de-agua-color-1-1024x363.png"},{"@type":"BreadcrumbList","@id":"https:\/\/viviruruguay.com\/sobre-nosotros\/#breadcrumb","itemListElement":[{"@type":"ListItem","position":1,"name":"Home","item":"https:\/\/viviruruguay.com\/"},{"@type":"ListItem","position":2,"name":"About Us"}]},{"@type":"WebSite","@id":"https:\/\/viviruruguay.com\/#website","url":"https:\/\/viviruruguay.com\/","name":"Vivir en Uruguay","description":"Asesor\u00eda Profesional para Tr\u00e1mites Migratorios y Residencia","potentialAction":[{"@type":"SearchAction","target":{"@type":"EntryPoint","urlTemplate":"https:\/\/viviruruguay.com\/?s={search_term_string}"},"query-input":{"@type":"PropertyValueSpecification","valueRequired":true,"valueName":"search_term_string"}}],"inLanguage":"en-US"}]}},"_links":{"self":[{"href":"https:\/\/viviruruguay.com\/en\/wp-json\/wp\/v2\/pages\/21538","targetHints":{"allow":["GET"]}}],"collection":[{"href":"https:\/\/viviruruguay.com\/en\/wp-json\/wp\/v2\/pages"}],"about":[{"href":"https:\/\/viviruruguay.com\/en\/wp-json\/wp\/v2\/types\/page"}],"author":[{"embeddable":true,"href":"https:\/\/viviruruguay.com\/en\/wp-json\/wp\/v2\/users\/14"}],"replies":[{"embeddable":true,"href":"https:\/\/viviruruguay.com\/en\/wp-json\/wp\/v2\/comments?post=21538"}],"version-history":[{"count":19,"href":"https:\/\/viviruruguay.com\/en\/wp-json\/wp\/v2\/pages\/21538\/revisions"}],"predecessor-version":[{"id":23311,"href":"https:\/\/viviruruguay.com\/en\/wp-json\/wp\/v2\/pages\/21538\/revisions\/23311"}],"wp:attachment":[{"href":"https:\/\/viviruruguay.com\/en\/wp-json\/wp\/v2\/media?parent=21538"}],"curies":[{"name":"wp","href":"https:\/\/api.w.org\/{rel}","templated":true}]}}