{"id":21535,"date":"2024-07-07T14:51:24","date_gmt":"2024-07-07T14:51:24","guid":{"rendered":"https:\/\/viviruruguay.com\/sobre-nos\/"},"modified":"2026-02-16T13:13:18","modified_gmt":"2026-02-16T13:13:18","slug":"sobre-nos","status":"publish","type":"page","link":"https:\/\/viviruruguay.com\/pt-br\/sobre-nos\/","title":{"rendered":"Sobre n\u00f3s"},"content":{"rendered":"\t\t<div data-elementor-type=\"wp-page\" data-elementor-id=\"21535\" class=\"elementor elementor-21535 elementor-18546\" data-elementor-post-type=\"page\">\n\t\t\t\t\t\t<section class=\"elementor-section elementor-top-section elementor-element elementor-element-68455aaa elementor-section-content-middle elementor-reverse-mobile elementor-section-stretched elementor-section-boxed elementor-section-height-default elementor-section-height-default\" data-id=\"68455aaa\" data-element_type=\"section\" data-settings=\"{&quot;background_background&quot;:&quot;classic&quot;,&quot;stretch_section&quot;:&quot;section-stretched&quot;}\">\n\t\t\t\t\t\t<div class=\"elementor-container elementor-column-gap-extended\">\n\t\t\t\t\t<div class=\"elementor-column elementor-col-100 elementor-top-column elementor-element elementor-element-4ee891d ot-flex-column-vertical\" data-id=\"4ee891d\" data-element_type=\"column\">\n\t\t\t<div class=\"elementor-widget-wrap elementor-element-populated\">\n\t\t\t\t\t\t<div class=\"elementor-element elementor-element-d2d96d8 elementor-widget elementor-widget-iheading\" data-id=\"d2d96d8\" data-element_type=\"widget\" data-widget_type=\"iheading.default\">\n\t\t\t\t<div class=\"elementor-widget-container\">\n\t\t\t\t\t<div class=\"ot-heading center-align\">\r\n\t\t\t\r\n\t\t\t\t\r\n\r\n\t         \r\n\r\n\t        \t        \t<h2 class=\"main-heading\">Sobre a empresa<\/h2>\r\n\t        \t    <\/div>\r\n\t    \t\t<\/div>\n\t\t\t\t<\/div>\n\t\t\t\t<div class=\"elementor-element elementor-element-dc78aaf elementor-widget elementor-widget-image\" data-id=\"dc78aaf\" data-element_type=\"widget\" data-widget_type=\"image.default\">\n\t\t\t\t<div class=\"elementor-widget-container\">\n\t\t\t\t\t\t\t\t\t\t\t\t\t<img fetchpriority=\"high\" decoding=\"async\" width=\"1024\" height=\"363\" src=\"https:\/\/viviruruguay.com\/wp-content\/uploads\/2026\/02\/marca-de-agua-color-1-1024x363.png\" class=\"attachment-large size-large wp-image-23300\" alt=\"\" srcset=\"https:\/\/viviruruguay.com\/wp-content\/uploads\/2026\/02\/marca-de-agua-color-1-1024x363.png 1024w, https:\/\/viviruruguay.com\/wp-content\/uploads\/2026\/02\/marca-de-agua-color-1-300x106.png 300w, https:\/\/viviruruguay.com\/wp-content\/uploads\/2026\/02\/marca-de-agua-color-1-768x272.png 768w, https:\/\/viviruruguay.com\/wp-content\/uploads\/2026\/02\/marca-de-agua-color-1-1536x544.png 1536w, https:\/\/viviruruguay.com\/wp-content\/uploads\/2026\/02\/marca-de-agua-color-1-2048x726.png 2048w\" sizes=\"(max-width: 1024px) 100vw, 1024px\" \/>\t\t\t\t\t\t\t\t\t\t\t\t\t<\/div>\n\t\t\t\t<\/div>\n\t\t\t\t<div class=\"elementor-element elementor-element-1203da0 elementor-widget elementor-widget-text-editor\" data-id=\"1203da0\" data-element_type=\"widget\" data-widget_type=\"text-editor.default\">\n\t\t\t\t<div class=\"elementor-widget-container\">\n\t\t\t\t\t\t\t<p>GlobalTax es un <a href=\"https:\/\/globaltax.com.uy\/\" target=\"_blank\" rel=\"noopener\">estudio jur\u00eddico<\/a> boutique especializado en estructuraci\u00f3n legal, estrategia fiscal y regulaci\u00f3n.<\/p><p>El estudio es dirigido por Marcelo Casciotti, Doctor en Derecho y M\u00e1ster en Derecho y T\u00e9cnica Tributaria (Universidad de Montevideo), con amplia experiencia en regulaci\u00f3n financiera, compliance y gobernanza.<\/p><p>GlobalTax refleja un enfoque profesional basado en an\u00e1lisis riguroso, independencia y rechazo consciente de soluciones prefabricadas.<\/p>\t\t\t\t\t\t<\/div>\n\t\t\t\t<\/div>\n\t\t\t\t<section class=\"elementor-section elementor-inner-section elementor-element elementor-element-fd465a7 elementor-section-full_width elementor-section-height-default elementor-section-height-default\" data-id=\"fd465a7\" data-element_type=\"section\">\n\t\t\t\t\t\t<div class=\"elementor-container elementor-column-gap-extended\">\n\t\t\t\t\t<div class=\"elementor-column elementor-col-33 elementor-inner-column elementor-element elementor-element-dfede35 ot-flex-column-vertical\" data-id=\"dfede35\" data-element_type=\"column\">\n\t\t\t<div class=\"elementor-widget-wrap elementor-element-populated\">\n\t\t\t\t\t\t<div class=\"elementor-element elementor-element-a826691 elementor-widget elementor-widget-iprocessbox\" data-id=\"a826691\" data-element_type=\"widget\" data-widget_type=\"iprocessbox.default\">\n\t\t\t\t<div class=\"elementor-widget-container\">\n\t\t\t\r\n\t\t<div class=\"process-box\">\r\n\t\t\t\t\t\t<div class=\"number-box\">\r\n\t\t        01\t        <\/div>\r\n\t        <div class=\"icon-main\">\r\n\t\t        \t\t\t    \t\t        \t        <\/div>\r\n\t        <div class=\"content-box\">\r\n\t            <h3 class=\"process-box-title\">Transparentes<\/h3>\r\n\t            <p>Temos o compromisso de fornecer informa\u00e7\u00f5es claras e precisas, mantendo uma comunica\u00e7\u00e3o aberta e honesta em todas as etapas. Nossa abordagem transparente garante que voc\u00ea esteja sempre informado e confiante nas decis\u00f5es que tomar.<\/p>\r\n\t        <\/div>\r\n\t\t<\/div>\r\n\r\n\t    \t\t<\/div>\n\t\t\t\t<\/div>\n\t\t\t\t\t<\/div>\n\t\t<\/div>\n\t\t\t\t<div class=\"elementor-column elementor-col-33 elementor-inner-column elementor-element elementor-element-b04ebd8 ot-flex-column-vertical\" data-id=\"b04ebd8\" data-element_type=\"column\">\n\t\t\t<div class=\"elementor-widget-wrap elementor-element-populated\">\n\t\t\t\t\t\t<div class=\"elementor-element elementor-element-639aa2f elementor-widget elementor-widget-iprocessbox\" data-id=\"639aa2f\" data-element_type=\"widget\" data-widget_type=\"iprocessbox.default\">\n\t\t\t\t<div class=\"elementor-widget-container\">\n\t\t\t\r\n\t\t<div class=\"process-box\">\r\n\t\t\t\t\t\t<div class=\"number-box\">\r\n\t\t        02\t        <\/div>\r\n\t        <div class=\"icon-main\">\r\n\t\t        \t\t\t    \t\t        \t        <\/div>\r\n\t        <div class=\"content-box\">\r\n\t            <h3 class=\"process-box-title\">\u00c1gil<\/h3>\r\n\t            <p>Na Vivir en Uruguay, nos destacamos por nossa agilidade no tratamento de procedimentos e processos. Nossa efici\u00eancia e rapidez garantem que suas necessidades sejam atendidas o mais r\u00e1pido poss\u00edvel, reduzindo o tempo de espera e facilitando uma transi\u00e7\u00e3o tranquila para seus objetivos no Uruguai.<\/p>\r\n\t        <\/div>\r\n\t\t<\/div>\r\n\r\n\t    \t\t<\/div>\n\t\t\t\t<\/div>\n\t\t\t\t\t<\/div>\n\t\t<\/div>\n\t\t\t\t<div class=\"elementor-column elementor-col-33 elementor-inner-column elementor-element elementor-element-c348762 ot-flex-column-vertical\" data-id=\"c348762\" data-element_type=\"column\">\n\t\t\t<div class=\"elementor-widget-wrap elementor-element-populated\">\n\t\t\t\t\t\t<div class=\"elementor-element elementor-element-03b2534 elementor-widget elementor-widget-iprocessbox\" data-id=\"03b2534\" data-element_type=\"widget\" data-widget_type=\"iprocessbox.default\">\n\t\t\t\t<div class=\"elementor-widget-container\">\n\t\t\t\r\n\t\t<div class=\"process-box\">\r\n\t\t\t\t\t\t<div class=\"number-box\">\r\n\t\t        03\t        <\/div>\r\n\t        <div class=\"icon-main\">\r\n\t\t        \t\t\t    \t\t        \t        <\/div>\r\n\t        <div class=\"content-box\">\r\n\t            <h3 class=\"process-box-title\">Profissionais<\/h3>\r\n\t            <p>Nossa equipe \u00e9 formada por profissionais altamente qualificados e experientes. Cada membro possui profundo conhecimento e experi\u00eancia em sua \u00e1rea, garantindo que voc\u00ea receba consultoria e servi\u00e7os da mais alta qualidade. <\/p>\r\n\t        <\/div>\r\n\t\t<\/div>\r\n\r\n\t    \t\t<\/div>\n\t\t\t\t<\/div>\n\t\t\t\t\t<\/div>\n\t\t<\/div>\n\t\t\t\t\t<\/div>\n\t\t<\/section>\n\t\t\t\t\t<\/div>\n\t\t<\/div>\n\t\t\t\t\t<\/div>\n\t\t<\/section>\n\t\t<div class=\"elementor-element elementor-element-db649ec e-con-full e-flex e-con e-parent\" data-id=\"db649ec\" data-element_type=\"container\">\n\t\t\t\t<\/div>\n\t\t\t\t<section class=\"elementor-section elementor-top-section elementor-element elementor-element-2b47ead elementor-section-content-middle elementor-section-stretched elementor-section-boxed elementor-section-height-default elementor-section-height-default\" data-id=\"2b47ead\" data-element_type=\"section\" id=\"contact\" data-settings=\"{&quot;stretch_section&quot;:&quot;section-stretched&quot;}\">\n\t\t\t\t\t\t<div class=\"elementor-container elementor-column-gap-extended\">\n\t\t\t\t\t<div class=\"elementor-column elementor-col-50 elementor-top-column elementor-element elementor-element-4415d1b9 ot-flex-column-vertical\" data-id=\"4415d1b9\" data-element_type=\"column\">\n\t\t\t<div class=\"elementor-widget-wrap elementor-element-populated\">\n\t\t\t\t\t\t<section class=\"elementor-section elementor-inner-section elementor-element elementor-element-560271b1 elementor-section-full_width elementor-section-height-default elementor-section-height-default\" data-id=\"560271b1\" data-element_type=\"section\" data-settings=\"{&quot;background_background&quot;:&quot;classic&quot;}\">\n\t\t\t\t\t\t<div class=\"elementor-container elementor-column-gap-no\">\n\t\t\t\t\t<div class=\"elementor-column elementor-col-100 elementor-inner-column elementor-element elementor-element-16b822bc ot-flex-column-vertical\" data-id=\"16b822bc\" data-element_type=\"column\">\n\t\t\t<div class=\"elementor-widget-wrap elementor-element-populated\">\n\t\t\t\t\t\t<div class=\"elementor-element elementor-element-7ef1460f elementor-widget elementor-widget-iheading\" data-id=\"7ef1460f\" data-element_type=\"widget\" data-widget_type=\"iheading.default\">\n\t\t\t\t<div class=\"elementor-widget-container\">\n\t\t\t\t\t<div class=\"ot-heading left-align text-light\">\r\n\t\t\t\r\n\t\t\t\t\r\n\r\n\t        \t            <h6 class=\"sub-heading\"><span>Detalhes do contato<\/span><\/h6>\r\n\t         \r\n\r\n\t        \t        \t<h2 class=\"main-heading\">Entre em contato conosco<\/h2>\r\n\t        \t    <\/div>\r\n\t    \t\t<\/div>\n\t\t\t\t<\/div>\n\t\t\t\t<div class=\"elementor-element elementor-element-18037cf8 elementor-widget elementor-widget-text-editor\" data-id=\"18037cf8\" data-element_type=\"widget\" data-widget_type=\"text-editor.default\">\n\t\t\t\t<div class=\"elementor-widget-container\">\n\t\t\t\t\t\t\t<p>Entre em contato conosco para uma consulta gratuita e d\u00ea o primeiro passo em dire\u00e7\u00e3o ao seu futuro no Uruguai.<\/p>\n\t\t\t\t\t\t<\/div>\n\t\t\t\t<\/div>\n\t\t\t\t<div class=\"elementor-element elementor-element-1076e1d3 elementor-widget elementor-widget-icontact_info\" data-id=\"1076e1d3\" data-element_type=\"widget\" data-widget_type=\"icontact_info.default\">\n\t\t\t\t<div class=\"elementor-widget-container\">\n\t\t\t\t\t\t\t\t    \t<div class=\"contact-info text-light\">\r\n\t\t    \t\t\r\n\t\t\t\t    \t\t\t        <i class=\"flaticon-note\"><\/i>\t\t\t        <div class=\"info-text\">\r\n\t\t\t        \t<h6>Email<\/h6>\r\n\t\t\t        \t<p><a href=\"mailto:info@viviruruguay.com\">info@viviruruguay.com<\/a><\/p>\r\n\t\t\t        <\/div>\r\n\t\t\t    <\/div>\r\n\t\t    \t    \t\t<\/div>\n\t\t\t\t<\/div>\n\t\t\t\t<div class=\"elementor-element elementor-element-7f987389 elementor-widget elementor-widget-icontact_info\" data-id=\"7f987389\" data-element_type=\"widget\" data-widget_type=\"icontact_info.default\">\n\t\t\t\t<div class=\"elementor-widget-container\">\n\t\t\t\t\t\t\t\t    \t<div class=\"contact-info text-light\">\r\n\t\t    \t\t\r\n\t\t\t\t    \t\t\t        <i class=\"flaticon-viber\"><\/i>\t\t\t        <div class=\"info-text\">\r\n\t\t\t        \t<h6>Tel\u00e9fono<\/h6>\r\n\t\t\t        \t<p><a href=\"tel:+59898756326\">(+598) 098 756 326<\/a><\/p>\r\n\t\t\t        <\/div>\r\n\t\t\t    <\/div>\r\n\t\t    \t    \t\t<\/div>\n\t\t\t\t<\/div>\n\t\t\t\t\t<\/div>\n\t\t<\/div>\n\t\t\t\t\t<\/div>\n\t\t<\/section>\n\t\t\t\t\t<\/div>\n\t\t<\/div>\n\t\t\t\t<div class=\"elementor-column elementor-col-50 elementor-top-column elementor-element elementor-element-3cbd286 ot-flex-column-vertical\" data-id=\"3cbd286\" data-element_type=\"column\">\n\t\t\t<div class=\"elementor-widget-wrap elementor-element-populated\">\n\t\t\t\t\t\t<div class=\"elementor-element elementor-element-3e292886 elementor-widget elementor-widget-iheading\" data-id=\"3e292886\" data-element_type=\"widget\" data-widget_type=\"iheading.default\">\n\t\t\t\t<div class=\"elementor-widget-container\">\n\t\t\t\t\t<div class=\"ot-heading left-align\">\r\n\t\t\t\r\n\t\t\t\t\r\n\r\n\t         \r\n\r\n\t        \t        \t<h2 class=\"main-heading\">Vamos come\u00e7ar a trabalhar<\/h2>\r\n\t        \t    <\/div>\r\n\t    \t\t<\/div>\n\t\t\t\t<\/div>\n\t\t\t\t<div class=\"elementor-element elementor-element-5655ffd6 elementor-widget elementor-widget-onum-contact-form-7\" data-id=\"5655ffd6\" data-element_type=\"widget\" data-widget_type=\"onum-contact-form-7.default\">\n\t\t\t\t<div class=\"elementor-widget-container\">\n\t\t\t<div class=\"elementor-shortcode onum-cf7-0\">\n<div class=\"wpcf7 no-js\" id=\"wpcf7-f21582-o1\" lang=\"pt-BR\" dir=\"ltr\">\n<div class=\"screen-reader-response\"><p role=\"status\" aria-live=\"polite\" aria-atomic=\"true\"><\/p> <ul><\/ul><\/div>\n<form action=\"\/pt-br\/wp-json\/wp\/v2\/pages\/21535#wpcf7-f21582-o1\" method=\"post\" class=\"wpcf7-form init\" aria-label=\"Formul\u00e1rios de contato\" novalidate=\"novalidate\" data-status=\"init\">\n<div style=\"display: none;\">\n<input type=\"hidden\" name=\"_wpcf7\" value=\"21582\" \/>\n<input type=\"hidden\" name=\"_wpcf7_version\" value=\"5.9.6\" \/>\n<input type=\"hidden\" name=\"_wpcf7_locale\" value=\"pt_BR\" \/>\n<input type=\"hidden\" name=\"_wpcf7_unit_tag\" value=\"wpcf7-f21582-o1\" \/>\n<input type=\"hidden\" name=\"_wpcf7_container_post\" value=\"0\" \/>\n<input type=\"hidden\" name=\"_wpcf7_posted_data_hash\" value=\"\" \/>\n<\/div>\n<p><span class=\"wpcf7-form-control-wrap\" data-name=\"your-name\"><input size=\"40\" maxlength=\"80\" class=\"wpcf7-form-control wpcf7-text wpcf7-validates-as-required\" aria-required=\"true\" aria-invalid=\"false\" placeholder=\"Nome *\" value=\"\" type=\"text\" name=\"your-name\" \/><\/span>\n<\/p>\n<p><span class=\"wpcf7-form-control-wrap\" data-name=\"your-email\"><input size=\"40\" maxlength=\"80\" class=\"wpcf7-form-control wpcf7-email wpcf7-validates-as-required wpcf7-text wpcf7-validates-as-email\" aria-required=\"true\" aria-invalid=\"false\" placeholder=\"E-mail *\" value=\"\" type=\"email\" name=\"your-email\" \/><\/span>\n<\/p>\n<p><span class=\"wpcf7-form-control-wrap\" data-name=\"Company\"><input size=\"40\" maxlength=\"80\" class=\"wpcf7-form-control wpcf7-text wpcf7-validates-as-required\" aria-required=\"true\" aria-invalid=\"false\" placeholder=\"Empresa *\" value=\"\" type=\"text\" name=\"Company\" \/><\/span>\n<\/p>\n<p><span class=\"wpcf7-form-control-wrap\" data-name=\"your-message\"><textarea cols=\"40\" rows=\"10\" maxlength=\"400\" class=\"wpcf7-form-control wpcf7-textarea\" aria-invalid=\"false\" placeholder=\"Mensagem...\" name=\"your-message\"><\/textarea><\/span>\n<\/p>\n<p><label> Quanto \u00e9 5+3?<br \/>\n<span class=\"wpcf7-form-control-wrap\" data-name=\"pregunta-quiz\"><label><span class=\"wpcf7-quiz-label\">5+3?<\/span> <input size=\"40\" class=\"wpcf7-form-control wpcf7-quiz\" autocomplete=\"off\" aria-required=\"true\" aria-invalid=\"false\" type=\"text\" name=\"pregunta-quiz\" \/><\/label><input type=\"hidden\" name=\"_wpcf7_quiz_answer_pregunta-quiz\" value=\"02d7463ecb42de1705a1f39ca12713e9\" \/><\/span><br \/>\n<\/label><br \/>\n<button type=\"submit\" class=\"wpcf7-submit octf-btn octf-btn-primary octf-btn-icon\">Enviar uma mensagem<i class=\"flaticon-right-arrow-1\"><\/i><\/button>\n<\/p><div class=\"wpcf7-response-output\" aria-hidden=\"true\"><\/div>\n<\/form>\n<\/div>\n<\/div>\t\t<\/div>\n\t\t\t\t<\/div>\n\t\t\t\t\t<\/div>\n\t\t<\/div>\n\t\t\t\t\t<\/div>\n\t\t<\/section>\n\t\t\t\t<\/div>\n\t\t","protected":false},"excerpt":{"rendered":"<p>Sobre a empresa GlobalTax es un estudio jur\u00eddico boutique especializado en estructuraci\u00f3n legal, estrategia fiscal y regulaci\u00f3n. El estudio es dirigido por Marcelo Casciotti, Doctor en Derecho y M\u00e1ster en Derecho y T\u00e9cnica Tributaria (Universidad de Montevideo), con amplia experiencia en regulaci\u00f3n financiera, compliance y gobernanza. GlobalTax refleja un enfoque profesional basado en an\u00e1lisis riguroso, [&hellip;]<\/p>\n","protected":false},"author":14,"featured_media":0,"parent":0,"menu_order":0,"comment_status":"closed","ping_status":"closed","template":"","meta":{"footnotes":""},"class_list":["post-21535","page","type-page","status-publish","hentry"],"yoast_head":"<!-- This site is optimized with the Yoast SEO plugin v24.5 - https:\/\/yoast.com\/wordpress\/plugins\/seo\/ -->\n<title>Sobre n\u00f3s - Vivir en Uruguay<\/title>\n<meta name=\"robots\" content=\"index, follow, max-snippet:-1, max-image-preview:large, max-video-preview:-1\" \/>\n<link rel=\"canonical\" href=\"https:\/\/viviruruguay.com\/sobre-nosotros\/\" \/>\n<meta property=\"og:locale\" content=\"pt_BR\" \/>\n<meta property=\"og:type\" content=\"article\" \/>\n<meta property=\"og:title\" content=\"Sobre n\u00f3s - Vivir en Uruguay\" \/>\n<meta property=\"og:description\" content=\"Sobre a empresa GlobalTax es un estudio jur\u00eddico boutique especializado en estructuraci\u00f3n legal, estrategia fiscal y regulaci\u00f3n. El estudio es dirigido por Marcelo Casciotti, Doctor en Derecho y M\u00e1ster en Derecho y T\u00e9cnica Tributaria (Universidad de Montevideo), con amplia experiencia en regulaci\u00f3n financiera, compliance y gobernanza. GlobalTax refleja un enfoque profesional basado en an\u00e1lisis riguroso, [&hellip;]\" \/>\n<meta property=\"og:url\" content=\"https:\/\/viviruruguay.com\/sobre-nosotros\/\" \/>\n<meta property=\"og:site_name\" content=\"Vivir en Uruguay\" \/>\n<meta property=\"article:modified_time\" content=\"2026-02-16T13:13:18+00:00\" \/>\n<meta property=\"og:image\" content=\"https:\/\/viviruruguay.com\/wp-content\/uploads\/2026\/02\/marca-de-agua-color-1.png\" \/>\n\t<meta property=\"og:image:width\" content=\"2254\" \/>\n\t<meta property=\"og:image:height\" content=\"799\" \/>\n\t<meta property=\"og:image:type\" content=\"image\/png\" \/>\n<meta name=\"twitter:card\" content=\"summary_large_image\" \/>\n<meta name=\"twitter:label1\" content=\"Est. tempo de leitura\" \/>\n\t<meta name=\"twitter:data1\" content=\"2 minutos\" \/>\n<script type=\"application\/ld+json\" class=\"yoast-schema-graph\">{\"@context\":\"https:\/\/schema.org\",\"@graph\":[{\"@type\":\"WebPage\",\"@id\":\"https:\/\/viviruruguay.com\/sobre-nosotros\/\",\"url\":\"https:\/\/viviruruguay.com\/sobre-nosotros\/\",\"name\":\"Sobre n\u00f3s - Vivir en Uruguay\",\"isPartOf\":{\"@id\":\"https:\/\/viviruruguay.com\/#website\"},\"primaryImageOfPage\":{\"@id\":\"https:\/\/viviruruguay.com\/sobre-nosotros\/#primaryimage\"},\"image\":{\"@id\":\"https:\/\/viviruruguay.com\/sobre-nosotros\/#primaryimage\"},\"thumbnailUrl\":\"https:\/\/viviruruguay.com\/wp-content\/uploads\/2026\/02\/marca-de-agua-color-1-1024x363.png\",\"datePublished\":\"2024-07-07T14:51:24+00:00\",\"dateModified\":\"2026-02-16T13:13:18+00:00\",\"breadcrumb\":{\"@id\":\"https:\/\/viviruruguay.com\/sobre-nosotros\/#breadcrumb\"},\"inLanguage\":\"pt-BR\",\"potentialAction\":[{\"@type\":\"ReadAction\",\"target\":[\"https:\/\/viviruruguay.com\/sobre-nosotros\/\"]}]},{\"@type\":\"ImageObject\",\"inLanguage\":\"pt-BR\",\"@id\":\"https:\/\/viviruruguay.com\/sobre-nosotros\/#primaryimage\",\"url\":\"https:\/\/viviruruguay.com\/wp-content\/uploads\/2026\/02\/marca-de-agua-color-1-1024x363.png\",\"contentUrl\":\"https:\/\/viviruruguay.com\/wp-content\/uploads\/2026\/02\/marca-de-agua-color-1-1024x363.png\"},{\"@type\":\"BreadcrumbList\",\"@id\":\"https:\/\/viviruruguay.com\/sobre-nosotros\/#breadcrumb\",\"itemListElement\":[{\"@type\":\"ListItem\",\"position\":1,\"name\":\"Home\",\"item\":\"https:\/\/viviruruguay.com\/\"},{\"@type\":\"ListItem\",\"position\":2,\"name\":\"Sobre n\u00f3s\"}]},{\"@type\":\"WebSite\",\"@id\":\"https:\/\/viviruruguay.com\/#website\",\"url\":\"https:\/\/viviruruguay.com\/\",\"name\":\"Vivir en Uruguay\",\"description\":\"Asesor\u00eda Profesional para Tr\u00e1mites Migratorios y Residencia\",\"potentialAction\":[{\"@type\":\"SearchAction\",\"target\":{\"@type\":\"EntryPoint\",\"urlTemplate\":\"https:\/\/viviruruguay.com\/?s={search_term_string}\"},\"query-input\":{\"@type\":\"PropertyValueSpecification\",\"valueRequired\":true,\"valueName\":\"search_term_string\"}}],\"inLanguage\":\"pt-BR\"}]}<\/script>\n<!-- \/ Yoast SEO plugin. -->","yoast_head_json":{"title":"Sobre n\u00f3s - Vivir en Uruguay","robots":{"index":"index","follow":"follow","max-snippet":"max-snippet:-1","max-image-preview":"max-image-preview:large","max-video-preview":"max-video-preview:-1"},"canonical":"https:\/\/viviruruguay.com\/sobre-nosotros\/","og_locale":"pt_BR","og_type":"article","og_title":"Sobre n\u00f3s - Vivir en Uruguay","og_description":"Sobre a empresa GlobalTax es un estudio jur\u00eddico boutique especializado en estructuraci\u00f3n legal, estrategia fiscal y regulaci\u00f3n. El estudio es dirigido por Marcelo Casciotti, Doctor en Derecho y M\u00e1ster en Derecho y T\u00e9cnica Tributaria (Universidad de Montevideo), con amplia experiencia en regulaci\u00f3n financiera, compliance y gobernanza. GlobalTax refleja un enfoque profesional basado en an\u00e1lisis riguroso, [&hellip;]","og_url":"https:\/\/viviruruguay.com\/sobre-nosotros\/","og_site_name":"Vivir en Uruguay","article_modified_time":"2026-02-16T13:13:18+00:00","og_image":[{"width":2254,"height":799,"url":"https:\/\/viviruruguay.com\/wp-content\/uploads\/2026\/02\/marca-de-agua-color-1.png","type":"image\/png"}],"twitter_card":"summary_large_image","twitter_misc":{"Est. tempo de leitura":"2 minutos"},"schema":{"@context":"https:\/\/schema.org","@graph":[{"@type":"WebPage","@id":"https:\/\/viviruruguay.com\/sobre-nosotros\/","url":"https:\/\/viviruruguay.com\/sobre-nosotros\/","name":"Sobre n\u00f3s - Vivir en Uruguay","isPartOf":{"@id":"https:\/\/viviruruguay.com\/#website"},"primaryImageOfPage":{"@id":"https:\/\/viviruruguay.com\/sobre-nosotros\/#primaryimage"},"image":{"@id":"https:\/\/viviruruguay.com\/sobre-nosotros\/#primaryimage"},"thumbnailUrl":"https:\/\/viviruruguay.com\/wp-content\/uploads\/2026\/02\/marca-de-agua-color-1-1024x363.png","datePublished":"2024-07-07T14:51:24+00:00","dateModified":"2026-02-16T13:13:18+00:00","breadcrumb":{"@id":"https:\/\/viviruruguay.com\/sobre-nosotros\/#breadcrumb"},"inLanguage":"pt-BR","potentialAction":[{"@type":"ReadAction","target":["https:\/\/viviruruguay.com\/sobre-nosotros\/"]}]},{"@type":"ImageObject","inLanguage":"pt-BR","@id":"https:\/\/viviruruguay.com\/sobre-nosotros\/#primaryimage","url":"https:\/\/viviruruguay.com\/wp-content\/uploads\/2026\/02\/marca-de-agua-color-1-1024x363.png","contentUrl":"https:\/\/viviruruguay.com\/wp-content\/uploads\/2026\/02\/marca-de-agua-color-1-1024x363.png"},{"@type":"BreadcrumbList","@id":"https:\/\/viviruruguay.com\/sobre-nosotros\/#breadcrumb","itemListElement":[{"@type":"ListItem","position":1,"name":"Home","item":"https:\/\/viviruruguay.com\/"},{"@type":"ListItem","position":2,"name":"Sobre n\u00f3s"}]},{"@type":"WebSite","@id":"https:\/\/viviruruguay.com\/#website","url":"https:\/\/viviruruguay.com\/","name":"Vivir en Uruguay","description":"Asesor\u00eda Profesional para Tr\u00e1mites Migratorios y Residencia","potentialAction":[{"@type":"SearchAction","target":{"@type":"EntryPoint","urlTemplate":"https:\/\/viviruruguay.com\/?s={search_term_string}"},"query-input":{"@type":"PropertyValueSpecification","valueRequired":true,"valueName":"search_term_string"}}],"inLanguage":"pt-BR"}]}},"_links":{"self":[{"href":"https:\/\/viviruruguay.com\/pt-br\/wp-json\/wp\/v2\/pages\/21535","targetHints":{"allow":["GET"]}}],"collection":[{"href":"https:\/\/viviruruguay.com\/pt-br\/wp-json\/wp\/v2\/pages"}],"about":[{"href":"https:\/\/viviruruguay.com\/pt-br\/wp-json\/wp\/v2\/types\/page"}],"author":[{"embeddable":true,"href":"https:\/\/viviruruguay.com\/pt-br\/wp-json\/wp\/v2\/users\/14"}],"replies":[{"embeddable":true,"href":"https:\/\/viviruruguay.com\/pt-br\/wp-json\/wp\/v2\/comments?post=21535"}],"version-history":[{"count":22,"href":"https:\/\/viviruruguay.com\/pt-br\/wp-json\/wp\/v2\/pages\/21535\/revisions"}],"predecessor-version":[{"id":23314,"href":"https:\/\/viviruruguay.com\/pt-br\/wp-json\/wp\/v2\/pages\/21535\/revisions\/23314"}],"wp:attachment":[{"href":"https:\/\/viviruruguay.com\/pt-br\/wp-json\/wp\/v2\/media?parent=21535"}],"curies":[{"name":"wp","href":"https:\/\/api.w.org\/{rel}","templated":true}]}}